{"id":14,"date":"2021-06-12T00:20:43","date_gmt":"2021-06-11T22:20:43","guid":{"rendered":"http:\/\/dicke-bretter-club.de\/cms\/?page_id=14"},"modified":"2021-10-20T21:34:37","modified_gmt":"2021-10-20T19:34:37","slug":"impressum","status":"publish","type":"page","link":"https:\/\/dicke-bretter-club.de\/online-brettspiele\/impressum\/","title":{"rendered":"IMPRESSUM"},"content":{"rendered":"\n<p><strong>Impressum<\/strong><\/p>\n\n\n\n<p>Shav Braun<br>Waldnieler Str. 69b<br>41751 Viersen<\/p>\n\n\n\n<p><strong>Kontaktdaten:<\/strong><br><br>E-Mail-Adresse: <a href=\"mailto:info@dicke-bretter-club.de\">info@dicke-bretter-club.de<\/a><br>Discord: <a rel=\"noreferrer noopener\" href=\"https:\/\/discord.gg\/GkHR95g\" target=\"_blank\">https:\/\/discord.gg\/GkHR95g<\/a><br><\/p>\n\n\n\n<p>WordPress Theme: Tortuga by <a href=\"https:\/\/themezee.com\/de\/\" data-type=\"URL\" data-id=\"https:\/\/themezee.com\/de\/\" target=\"_blank\" rel=\"noreferrer noopener\">ThemeZee<\/a>.<br><\/p>\n\n\n\n<p><strong>Haftung f\u00fcr Inhalte:<\/strong><\/p>\n\n\n\n<p>Im Sinne von \u00a7 7 Absatz 1 TMG sind wir f\u00fcr die eigenen Inhalte auf dieser Webseite verantwortlich. Durch \u00a7\u00a7 8 bis einschlie\u00dflich 10 TMG sind wir aber nicht verpflichtet, gespeicherte oder \u00fcbermittelte fremde Inhalte zu \u00fcberwachen oder diese auf Rechtswidrigkeit zu pr\u00fcfen. Das befreit uns jedoch nicht von der Pflicht, der Sperrung und Entfernung von Informationen nach geltenden Gesetzen nachzukommen.<\/p>\n\n\n\n<p><\/p>\n","protected":false},"excerpt":{"rendered":"<p>Impressum Shav BraunWaldnieler Str. 69b41751 Viersen Kontaktdaten: E-Mail-Adresse: info@dicke-bretter-club.deDiscord: https:\/\/discord.gg\/GkHR95g WordPress Theme: Tortuga by ThemeZee. Haftung f\u00fcr Inhalte: Im Sinne<\/p>\n","protected":false},"author":1,"featured_media":0,"parent":0,"menu_order":0,"comment_status":"closed","ping_status":"closed","template":"","meta":{"footnotes":""},"class_list":["post-14","page","type-page","status-publish","hentry"],"_links":{"self":[{"href":"https:\/\/dicke-bretter-club.de\/online-brettspiele\/wp-json\/wp\/v2\/pages\/14","targetHints":{"allow":["GET"]}}],"collection":[{"href":"https:\/\/dicke-bretter-club.de\/online-brettspiele\/wp-json\/wp\/v2\/pages"}],"about":[{"href":"https:\/\/dicke-bretter-club.de\/online-brettspiele\/wp-json\/wp\/v2\/types\/page"}],"author":[{"embeddable":true,"href":"https:\/\/dicke-bretter-club.de\/online-brettspiele\/wp-json\/wp\/v2\/users\/1"}],"replies":[{"embeddable":true,"href":"https:\/\/dicke-bretter-club.de\/online-brettspiele\/wp-json\/wp\/v2\/comments?post=14"}],"version-history":[{"count":3,"href":"https:\/\/dicke-bretter-club.de\/online-brettspiele\/wp-json\/wp\/v2\/pages\/14\/revisions"}],"predecessor-version":[{"id":380,"href":"https:\/\/dicke-bretter-club.de\/online-brettspiele\/wp-json\/wp\/v2\/pages\/14\/revisions\/380"}],"wp:attachment":[{"href":"https:\/\/dicke-bretter-club.de\/online-brettspiele\/wp-json\/wp\/v2\/media?parent=14"}],"curies":[{"name":"wp","href":"https:\/\/api.w.org\/{rel}","templated":true}]}}