{"id":334,"date":"2021-10-10T21:54:50","date_gmt":"2021-10-10T19:54:50","guid":{"rendered":"https:\/\/dicke-bretter-club.de\/online-brettspiele\/?page_id=334"},"modified":"2021-10-16T13:24:21","modified_gmt":"2021-10-16T11:24:21","slug":"vor-und-nachteile-des-online-brettspielens","status":"publish","type":"page","link":"https:\/\/dicke-bretter-club.de\/online-brettspiele\/vor-und-nachteile-des-online-brettspielens\/","title":{"rendered":"VOR- und NACHTEILE DES ONLINE-BRETTSPIELENS"},"content":{"rendered":"\n<h2 class=\"wp-block-heading\"><span class=\"has-inline-color has-highlight-color\">Vorteile<\/span><\/h2>\n\n\n\n<figure class=\"wp-block-table\"><table><tbody><tr><td><strong>ERSTER SEIN! <\/strong><br>Ein Brettspieler, der nicht erster sein will? Gibt&#8217;s den?<br>Viele Spiele erscheinen heute auf Kickstarter &#8211; und stehen bereits viele Monate bevor es das Spiel zu kaufen gibt online auf <a href=\"https:\/\/dicke-bretter-club.de\/online-brettspiele\/tabletop-simulator-tts\/\" data-type=\"page\" data-id=\"73\">Tabletop Simulator (TTS)<\/a> zum Spielen zur Verf\u00fcgung. Damit sammelst du als erster Erfahrungen zu dem Spiel &#8211; und verbl\u00fcffst deine analogen Mitspieler :).<\/td><\/tr><tr><td><strong>NUR KAUFEN WAS GEF\u00c4LLT!<\/strong> <br>Wieviele Spiele hast du schon gekauft, die dir dann doch nicht gefallen haben? Butter bei die Fische! Genau! Also bei Tabletop Simulator stehen die allermeisten Spiele zum Spielen und Testen zur Verf\u00fcgung (nicht nur einmal im Jahr in Essen). Teste &#8211; und kaufe was gef\u00e4llt. Weniger Stress mit dem Verkaufen von ungeliebten Spielen &#8211; und schont den Geldbeutel! (ehrlicherweise muss ich zugeben, seit dem ich online spiele &#8211; hab ich nicht nur bessere Spiele gekauft &#8211; sondern leider auch mehr &#8211; da man soviel mehr spielt \ud83d\ude09 )<\/td><\/tr><tr><td><strong>MEHR SPIELEN (AUCH UNTER DER WOCHE)!<\/strong> <br>Essen ist nur einmal im Jahr &#8211; der Spieletreff nur ein- oder zweimal im Monat am Wochenende? Also bei uns kann jeden Abend gespielt werden. Meisten trifft man sich so gegen 20 Uhr &#8211; und schafft locker 1-2 Partien von komplexen Brettspiel am Abend. Klar, weil Auf- und Abbauen der Spiele entf\u00e4llt&#8230;toll!<\/td><\/tr><tr><td><strong>AUF KINDER AUFPASSEN UND BRETTSPIELEN? JA!<\/strong><br>Ach ja &#8211; Kinder sind toll! Aber wer h\u00e4tte gedacht, dass man auch auf die kleinen Racker auch aufpassen muss. Zum Spieletreff mitnehmen? und dann wieder fr\u00fchzeitig nach Hause, weil die Kinder schlafen m\u00fcssen? Tja &#8211; geht auch anders &#8211; n\u00e4mlich online. Kinder im Bett &#8211; Partytime! \ud83d\ude42 <\/td><\/tr><tr><td><strong>SPIELEN WAS GEF\u00c4LLT<\/strong>!<br>Mitspieler im regionalen Umfeld zu finden, die einen \u00e4hnlichen Spielegeschmack haben &#8211; ist mitunter recht schwer. Aber was will man machen &#8211; man ist ja jetzt 30 Minuten zum Spieltreff gefahren, und will ja nicht ungespielt wieder nach Hause fahren &#8211; also geht man Kompromisse ein. Online sieht das anders aus &#8211; bundesweite Reichweite an Mitspielern! Und sollte mal zu einem Zeitpunkt keiner da sein &#8211; der dein Lieblingsspiel spielen will &#8211; na, dann guckst du halt nen Film &#8211; ganz ohne Fahrtzeitverlust :-D. <\/td><\/tr><tr><td><strong>VERGRIFFENE KLASSIKER? NEIN!<\/strong><br>Out-of-Print &#8211; den Verlag schon mehrmals angebettelt &#8211; es hilft nichts, dein Lieblingsspiel kommt leider nicht mehr in den Handel. Aber es gibt einen Ausweg &#8211; denn auch viele Klassiker sind beim <a href=\"https:\/\/dicke-bretter-club.de\/online-brettspiele\/tabletop-simulator-tts\/\" data-type=\"page\" data-id=\"73\">Tabletop Simulator<\/a> umgesetzt. Also auf geht&#8217;s in die n\u00e4chste Nostalgiepartie!<\/td><\/tr><tr><td><strong>ABEND\u00dcBERF\u00dcLLENDE SPIELE AD\u00c9!<\/strong><br>Wer kennt es nicht &#8211; wenn es mal wieder etwas l\u00e4nger dauert (und ich will hier keine Werbung f\u00fcr Schokoriegel machen!). Einige Spiele brauchen ein gro\u00dfz\u00fcgiges Setup &#8211; bei anderen gibt es viel M\u00fcnzen, die immer wieder untereinander ausgetauscht werden m\u00fcssen. Z.B. 4X-Spiele oder 18XX-Spiele etc. &#8211; Spiele die gerne mal 8+Stunden dauern k\u00f6nnen. Im <a href=\"https:\/\/dicke-bretter-club.de\/online-brettspiele\/tabletop-simulator-tts\/\" data-type=\"page\" data-id=\"73\">Tabletop Simulator<\/a> gibt es viele &#8222;gescriptete Mods&#8220; &#8211; also Brettspiele &#8211; wo bestimmte Aktionen, wie das Setup oder die Berechnung dem Spieler abgenommen werden &#8211; das beschleunigt die Spiele schon deutlich &#8211; und trotzdem bleibt das tolle Spielgef\u00fchl &#8211; und man hat nicht den Eindruck, wie bei einem Computerspiel, dass man nichts mehr selber machen muss. Und wenn dieser Spieldauer-Schrumpfer mal nicht ausreicht &#8211; dann speichern wir halt ab &#8211; und spielen morgen weiter!<\/td><\/tr><tr><td><strong>PANDEMIE-SICHER &#8211; GENESEN, GEIMPFT, GETESTET? &#8211; EGAL!<\/strong><br>Gerade in den Corona-Zeiten haben viele die Online-Alternative zu sch\u00e4tzen gewusst. Einfach aus den eigenen 4 W\u00e4nden &#8211; ob in Quarant\u00e4ne oder nicht &#8211; es wird gespielt &#8211; und wer will kann dabei auch gerne ne Maske tragen!<\/td><\/tr><tr><td><strong>BILLIG! DA STEHSTE DOCH DRAUF!<\/strong><br>Mit dem <a href=\"https:\/\/dicke-bretter-club.de\/online-brettspiele\/tabletop-simulator-tts\/\" data-type=\"page\" data-id=\"73\">Tabletop Simulator (TTS)<\/a> hat man Zugriff auf 20.000 Brettspiele &#8211; der 3D-Brettspiel Simulator kostet einmalig 20 EUR &#8211; Dicke Bretter kostet nichts. Das sieht soweit nach nem guten Deal aus. Gut, wenn man jetzt eine Vollkostenrechnung macht &#8211; dann braucht man nat\u00fcrlich alle paar Jahre entsprechend einen PC, Headset &#8211; zahlt eine Internetverbindung und verbraucht etwas Strom. Wenn man das aber sowieso schon alles hat &#8211; dann sieht die Rechnung eigentlich nicht schlecht aus. Man sollte nat\u00fcrlich fair bleiben &#8211; und trotzdem die analogen Brettspiele kaufen, die man mag &#8211; wie oben schon beschrieben, hab ich auch mehr Geld f\u00fcr Brettspiele ausgegeben seit ich online spiele als davor.<\/td><\/tr><tr><td><strong>EIN TRAUM F\u00dcR SPIELEAUTOREN!<\/strong><br>Mit den 3D-Brettspiel-Simulatoren kann man wirklich grenzenlos loslegen. Mehrere Kisten an Spielmaterial zu Hause bevorraten, um dann doch festzustellen, dass einem das entscheidende Material fehlt? St\u00e4ndig neue Versionen ausdrucken und zurechtschneiden? Keine Mitspieler f\u00fcr seine Prototypen finden, oder st\u00e4ndig durch ganz Deutschland von Spieletreff zu Spieletreff pendeln um Mitspieler zu finden? Kein Platz zu Hause den oder die Prototypen aufgebaut zu lassen &#8211; st\u00e4ndiges Auf- und Abbauen? Solopartien? Geht besser, geht online! Auch Vital Lacerda entwickelt alles online &#8211; und hat mit seiner Community sehr viele Betatester &#8211; die mithelfen die Spiele richtig rund zu machen!<\/td><\/tr><\/tbody><\/table><\/figure>\n\n\n\n<h2 class=\"wp-block-heading\"><span class=\"has-inline-color has-tertiary-color\">Nachteile<\/span><\/h2>\n\n\n\n<figure class=\"wp-block-table\"><table><tbody><tr><td><strong>NICHT DASSELBE SPIELGEF\u00dcHL!<\/strong><br>Ja &#8211; l\u00e4sst sich nicht leugnen &#8211; das Spielgef\u00fchl ist online ein anderes, als den Personen Face-2-Face gegen\u00fcber zu sitzen! Aber f\u00fcr mich ist das Gef\u00fchl des 3D-Brettspiel-Simulators so nah dran &#8211; dass mir das analoge w\u00e4hrend der Coronazeit kaum gefehlt hat, insbesondere habe ich viel mehr gespielt, viel mehr verschiedene Spiele und viel mehr das gespielt, was mir wirklich Spass macht!<\/td><\/tr><tr><td><strong>FIDDELIGKEIT! <\/strong><br>Ja, es ist eine andere Welt! Man muss so einiges lernen, wie man Mitspieler findet, wie man mit der Software und dem PC \/ WLAN \/ Internet umgeht &#8211; und am Anfang ist das wirklich auch ein bisschen anstrengend &#8211; und dauert dann auch ein bisschen l\u00e4nger mit dem Spielmaterial umzugehen, als analog. Das legt sich aber nach den ersten Spielen deutlich, und entwickelt sich dann mit der Zeit zu einem Vorteil &#8211; wo bestimmte Vorg\u00e4nge sogar schneller gehen.<\/td><\/tr><tr><td><strong>FEHLENDE \u00dcBERSICHTLICHKEIT!<\/strong> <br>Ja &#8211; selbst auf einem gro\u00dfen Monitor &#8211; sieht man das Spielbrett nicht so deutlich wie analog. Nimmt nicht so leicht wahr, was die anderen Mitspieler gemacht haben. Insbesondere am Anfang ist das wirklich ein gewisser Spasskiller &#8211; denn die Tricks und Kniffe sich hier mehr \u00dcbersichtlichkeit zu verschaffen lernt man oft erst etwas sp\u00e4ter.<\/td><\/tr><\/tbody><\/table><\/figure>\n\n\n\n<p>von Shav | Sascha<\/p>\n","protected":false},"excerpt":{"rendered":"<p>Vorteile ERSTER SEIN! Ein Brettspieler, der nicht erster sein will? Gibt&#8217;s den?Viele Spiele erscheinen heute auf Kickstarter &#8211; und stehen<\/p>\n","protected":false},"author":2,"featured_media":0,"parent":0,"menu_order":0,"comment_status":"closed","ping_status":"closed","template":"","meta":{"footnotes":""},"class_list":["post-334","page","type-page","status-publish","hentry"],"_links":{"self":[{"href":"https:\/\/dicke-bretter-club.de\/online-brettspiele\/wp-json\/wp\/v2\/pages\/334","targetHints":{"allow":["GET"]}}],"collection":[{"href":"https:\/\/dicke-bretter-club.de\/online-brettspiele\/wp-json\/wp\/v2\/pages"}],"about":[{"href":"https:\/\/dicke-bretter-club.de\/online-brettspiele\/wp-json\/wp\/v2\/types\/page"}],"author":[{"embeddable":true,"href":"https:\/\/dicke-bretter-club.de\/online-brettspiele\/wp-json\/wp\/v2\/users\/2"}],"replies":[{"embeddable":true,"href":"https:\/\/dicke-bretter-club.de\/online-brettspiele\/wp-json\/wp\/v2\/comments?post=334"}],"version-history":[{"count":6,"href":"https:\/\/dicke-bretter-club.de\/online-brettspiele\/wp-json\/wp\/v2\/pages\/334\/revisions"}],"predecessor-version":[{"id":417,"href":"https:\/\/dicke-bretter-club.de\/online-brettspiele\/wp-json\/wp\/v2\/pages\/334\/revisions\/417"}],"wp:attachment":[{"href":"https:\/\/dicke-bretter-club.de\/online-brettspiele\/wp-json\/wp\/v2\/media?parent=334"}],"curies":[{"name":"wp","href":"https:\/\/api.w.org\/{rel}","templated":true}]}}