{"id":73,"date":"2021-06-12T14:13:14","date_gmt":"2021-06-12T12:13:14","guid":{"rendered":"https:\/\/dicke-bretter-club.de\/cms\/?page_id=73"},"modified":"2022-07-26T13:49:38","modified_gmt":"2022-07-26T11:49:38","slug":"tabletop-simulator-tts","status":"publish","type":"page","link":"https:\/\/dicke-bretter-club.de\/online-brettspiele\/tabletop-simulator-tts\/","title":{"rendered":"Tabletop Simulator (TTS)"},"content":{"rendered":"\n<h4 class=\"wp-block-heading\">Was ist der Tabletop Simulator (TTS)?<\/h4>\n\n\n\n<p>Der <strong><a href=\"https:\/\/store.steampowered.com\/app\/286160\/Tabletop_Simulator\/\" target=\"_blank\" rel=\"noopener\">Tabletop Simulator<\/a><\/strong> ist ein 3D-Tabletop\/Brettspiel-Simulator. Man trifft sich in einem virtuellen Raum an einem virtuellen Tisch. Jeder Spieler hat eine &#8222;Hand&#8220; (Mauszeiger) mit dem der Spieler alle Objekte in 3D hochheben, drehen und sogar werfen kann. Die Physik ist h\u00f6chstrealistisch, so dass geworfen Objekte, andere Objekte umwerfen k\u00f6nnen. Kerzen generieren Licht und Schatten, und es sind auch Soundeffekte m\u00f6glich. Alle Spieler sehen in Echtzeit, wer gerade welche Objekte hochhebt, oder wo sich deren Mauszeiger gerade befindet (also was sich der Spieler gerade anguckt). Es gibt einen internen &#8222;Chat&#8220; und &#8222;Voice-Chat&#8220; mit dem man kommunizieren kann &#8211; in der Regel wird hier aber <a href=\"https:\/\/dicke-bretter-club.de\/online-brettspiele\/discord-voice-chat-mitspielersuche\/\" data-type=\"page\" data-id=\"286\">Discord<\/a> f\u00fcr den Voice-Chat genutzt (bessere Qualit\u00e4t und Einstellungsm\u00f6glichkeiten).<\/p>\n\n\n\n<figure class=\"wp-block-gallery has-nested-images columns-default is-cropped wp-block-gallery-1 is-layout-flex wp-block-gallery-is-layout-flex\">\n<figure class=\"wp-block-image size-large\"><img loading=\"lazy\" decoding=\"async\" width=\"1024\" height=\"484\" data-id=\"78\" src=\"https:\/\/dicke-bretter-club.de\/cms\/wp-content\/uploads\/2021\/06\/tts_ageofsteam-1024x484.png\" alt=\"\" class=\"wp-image-78\" srcset=\"https:\/\/dicke-bretter-club.de\/online-brettspiele\/wp-content\/uploads\/2021\/06\/tts_ageofsteam-1024x484.png 1024w, https:\/\/dicke-bretter-club.de\/online-brettspiele\/wp-content\/uploads\/2021\/06\/tts_ageofsteam-300x142.png 300w, https:\/\/dicke-bretter-club.de\/online-brettspiele\/wp-content\/uploads\/2021\/06\/tts_ageofsteam-768x363.png 768w, https:\/\/dicke-bretter-club.de\/online-brettspiele\/wp-content\/uploads\/2021\/06\/tts_ageofsteam-1536x725.png 1536w, https:\/\/dicke-bretter-club.de\/online-brettspiele\/wp-content\/uploads\/2021\/06\/tts_ageofsteam.png 1897w\" sizes=\"auto, (max-width: 1024px) 100vw, 1024px\" \/><\/figure>\n\n\n\n<figure class=\"wp-block-image size-large\"><img loading=\"lazy\" decoding=\"async\" width=\"1024\" height=\"493\" data-id=\"80\" src=\"https:\/\/dicke-bretter-club.de\/cms\/wp-content\/uploads\/2021\/06\/tts_europa_universalis-1024x493.png\" alt=\"\" class=\"wp-image-80\" srcset=\"https:\/\/dicke-bretter-club.de\/online-brettspiele\/wp-content\/uploads\/2021\/06\/tts_europa_universalis-1024x493.png 1024w, https:\/\/dicke-bretter-club.de\/online-brettspiele\/wp-content\/uploads\/2021\/06\/tts_europa_universalis-300x144.png 300w, https:\/\/dicke-bretter-club.de\/online-brettspiele\/wp-content\/uploads\/2021\/06\/tts_europa_universalis-768x369.png 768w, https:\/\/dicke-bretter-club.de\/online-brettspiele\/wp-content\/uploads\/2021\/06\/tts_europa_universalis-1536x739.png 1536w, https:\/\/dicke-bretter-club.de\/online-brettspiele\/wp-content\/uploads\/2021\/06\/tts_europa_universalis.png 1919w\" sizes=\"auto, (max-width: 1024px) 100vw, 1024px\" \/><\/figure>\n<\/figure>\n\n\n\n<ul class=\"wp-block-list\"><li><strong>Neugierig?<\/strong> &#8211; Dann schaut dir doch mal das Video von BetterBoardGames an &#8211; hier gibt dir Christoph einen Einblick in den Tabletop Simulator. (10 Minuten)<\/li><\/ul>\n\n\n\n<figure class=\"wp-block-embed is-type-video is-provider-youtube wp-block-embed-youtube wp-embed-aspect-16-9 wp-has-aspect-ratio\"><div class=\"wp-block-embed__wrapper\">\n<iframe loading=\"lazy\" title=\"Tabletop Simulator: Brettspiele Online zusammen spielen z.B. Gloomhaven, Nemesis ...\" width=\"840\" height=\"473\" src=\"https:\/\/www.youtube.com\/embed\/FizMaDNHkRA?start=6&#038;feature=oembed\" frameborder=\"0\" allow=\"accelerometer; autoplay; clipboard-write; encrypted-media; gyroscope; picture-in-picture\" allowfullscreen><\/iframe>\n<\/div><\/figure>\n\n\n\n<h4 class=\"wp-block-heading\"><strong>Was muss ich tun, um Tabletop Simulator (TTS) zu nutzen?<\/strong><\/h4>\n\n\n\n<ol class=\"wp-block-list\"><li>Pr\u00fcfe die Systemvoraussetzungen.<ul><li><strong>Laptop oder PC<\/strong> mit minimal den folgenden Voraussetzungen:<ul><li>Betriebssystem: Windows 7 SP1+ \/ Windows 8 \/ oder Windows 10<\/li><li>Prozessor mit SSE2 Unterst\u00fctzung<\/li><li>Arbeitsspeicher: 4 GB (besser mehr)<\/li><li>Grafikkarte die Direct-X 10 unterst\u00fctzt<\/li><li>Direct-X 10<\/li><li>Netzwerkkarte und Internetanbindung (3-6 MBit sollten schon reichen)<\/li><li>3 GB verf\u00fcgbaren Festplattenspeicher<\/li><\/ul><\/li><li><strong>Headset<\/strong> (ab ca. 25 EUR) oder eingebautes Mikrofon von Laptop mit Kopfh\u00f6rern (manche verwenden auch ein separates Standmikrofon) f\u00fcr den Voice-Chat<\/li><li>Tabletop Simulator (TTS), ben\u00f6tigt STEAM, eine Verkaufsplattform f\u00fcr Computerspiele. <strong>Lege also zuerst <\/strong>(sofern noch nicht vorhanden)<strong> bei STEAM einen Account <\/strong>(kostenlos, keine monatlichen Geb\u00fchren) <strong>an,<\/strong> und installiere die entsprechende Software auf deinem Rechner.<\/li><li>Wenn du deinen STEAM-Account hast, kannst du dar\u00fcber die<strong> <a href=\"https:\/\/store.steampowered.com\/app\/286160\/Tabletop_Simulator\/\" target=\"_blank\" rel=\"noopener\">Lizenz f\u00fcr den Tabletop Simulator (TTS)<\/a> erwerben. Dort kostet TTS einmalig 20 EUR, keine monatlichen Kosten.<\/strong> Alle paar Monate ist TTS im Angebot und kostet oft nur die H\u00e4lfte. Ansonsten gibt es auch noch die M\u00f6glichkeit die Lizenz \u00fcber Keyshops (Key= Lizenzschl\u00fcssel) zu kaufen. Dazu hier der Link zu einem <a href=\"https:\/\/www.allkeyshop.com\/blog\/buy-tabletop-simulator-cd-key-compare-prices\/\" target=\"_blank\" rel=\"noopener\">Preisvergleichsportal<\/a>. Bei mir hat das mit den Keys immer geklappt, es gibt aber auch Meldungen, dass das mal nicht klappt, und man dann ein bisschen \u00c4rger damit hat. Der sichere Weg ist der \u00fcber Steam direkt.<\/li><li>Im TTS selber, sollte man erstmal das Tutorial machen, um die Steuerung zu erlernen.<\/li><\/ul><\/li><\/ol>\n\n\n\n<div class=\"wp-block-image\"><figure class=\"aligncenter\"><img decoding=\"async\" src=\"https:\/\/cdn.discordapp.com\/attachments\/770756502352953416\/771067456772112394\/image-9.png\" alt=\"\"\/><\/figure><\/div>\n\n\n\n<h4 class=\"wp-block-heading\"><strong style=\"color: revert; font-size: 1.75rem; font-family: var(--text-font);\">Wie finde ich Mitspieler f\u00fcr eine Spielepartie im Tabletop Simulator (TTS)?<\/strong> <\/h4>\n\n\n\n<ol class=\"wp-block-list\"><li>Lege dir einen Account (sofern noch nicht vorhanden) bei <strong><a rel=\"noreferrer noopener\" href=\"https:\/\/discord.com\/\" data-type=\"URL\" data-id=\"https:\/\/discord.com\/\" target=\"_blank\">Discord<\/a><\/strong> an, lade das Discord-Setup herunter und installiere das Programm (empfohlen) oder nutze Discord direkt im Browser.<\/li><li>Jetzt brauchst du nur noch einen Discord-Server (f\u00fcr den Voice-Chat) beitreten, wo sich Mitspieler zu Brettspielrunden unter TTS verabreden. In unserem Brettspiel Discord-Server-Verzeichnis findest du deutschsprachige und englischsprachige Discord Server. Einfach Link klicken, und schon trittst du dem Server bei. Schau unbedingt auch bei <a rel=\"noreferrer noopener\" href=\"https:\/\/discord.com\/invite\/GkHR95g\" target=\"_blank\"><strong>&#8222;Dicke Bretter&#8220;<\/strong><\/a> vorbei :-).<\/li><\/ol>\n\n\n\n<h4 class=\"wp-block-heading\"> <strong style=\"font-size: inherit; color: var(--text-color); font-family: var(--text-font);\">Was bietet der Tabletop Simulator (TTS)?<\/strong> <\/h4>\n\n\n\n<ul class=\"wp-block-list\"><li>Es gibt derzeit 46+ DLCs (Downloadable Contents), d.h. kostenpflichte Brettspieladaptionen die ca. 5-10 EUR einmalig pro Spiel kosten. Nur der, der den Tisch aufmacht, braucht den DLC besitzen, die anderen Mitspieler ben\u00f6tigen den DLC nicht.<\/li><li>Es gibt \u00fcber <a href=\"https:\/\/steamcommunity.com\/app\/286160\/workshop\/\" target=\"_blank\" rel=\"noopener\">20.000 Brettspiele<\/a> im Workshop. Hier haben die Fans die Sachen aus dem analogen Brettspiel eingescannt, hochgeladen und zusammengestellt. Diese Brettspiele sind kostenfrei spielbar, und es sind fast alle Brettspiele verf\u00fcgbar &#8211; und auch welche, die analog nicht mehr oder noch nicht verf\u00fcgbar sind (Prototypen, Kickstarter, Rarit\u00e4ten). In der Regel dulden die Verlage (es gibt Ausnahmen) die Bereitstellung der Spiele, oder stellen diese auch offiziell bereit &#8211; man sollte hier dann aber auch so fair sein, die analoge Spiele zu erwerben, oder wenn digitale Umsetzungen angeboten werden, diese auch zu erwerben, wenn man das Spiel mag und es \u00f6fter spielt.<\/li><li>Es gibt eine interne Mitspielervermittlung im Spiel, die aber auf internationales Publikum ausgerichtet ist &#8211; und selten genutzt wird. Die Spielevereinbarungen finden in der Regel \u00fcber Discord statt.<\/li><li>\u00dcber TTS kann man eigene Spiele im Workshop hochladen, und anderen Spielern zur Verf\u00fcgung stellen. Daf\u00fcr ist keine besondere Lizenz notwendig. Dies eignet sich besonders f\u00fcr Brettspielautoren, die ihre Prototypen gerne anderen Spielern vorstellen bzw. testen lassen m\u00f6chten.<\/li><\/ul>\n","protected":false},"excerpt":{"rendered":"<p>Was ist der Tabletop Simulator (TTS)? Der Tabletop Simulator ist ein 3D-Tabletop\/Brettspiel-Simulator. Man trifft sich in einem virtuellen Raum an<\/p>\n","protected":false},"author":2,"featured_media":0,"parent":0,"menu_order":0,"comment_status":"closed","ping_status":"closed","template":"","meta":{"footnotes":""},"class_list":["post-73","page","type-page","status-publish","hentry"],"_links":{"self":[{"href":"https:\/\/dicke-bretter-club.de\/online-brettspiele\/wp-json\/wp\/v2\/pages\/73","targetHints":{"allow":["GET"]}}],"collection":[{"href":"https:\/\/dicke-bretter-club.de\/online-brettspiele\/wp-json\/wp\/v2\/pages"}],"about":[{"href":"https:\/\/dicke-bretter-club.de\/online-brettspiele\/wp-json\/wp\/v2\/types\/page"}],"author":[{"embeddable":true,"href":"https:\/\/dicke-bretter-club.de\/online-brettspiele\/wp-json\/wp\/v2\/users\/2"}],"replies":[{"embeddable":true,"href":"https:\/\/dicke-bretter-club.de\/online-brettspiele\/wp-json\/wp\/v2\/comments?post=73"}],"version-history":[{"count":16,"href":"https:\/\/dicke-bretter-club.de\/online-brettspiele\/wp-json\/wp\/v2\/pages\/73\/revisions"}],"predecessor-version":[{"id":581,"href":"https:\/\/dicke-bretter-club.de\/online-brettspiele\/wp-json\/wp\/v2\/pages\/73\/revisions\/581"}],"wp:attachment":[{"href":"https:\/\/dicke-bretter-club.de\/online-brettspiele\/wp-json\/wp\/v2\/media?parent=73"}],"curies":[{"name":"wp","href":"https:\/\/api.w.org\/{rel}","templated":true}]}}